{"id":8,"date":"2017-09-18T16:18:23","date_gmt":"2017-09-18T14:18:23","guid":{"rendered":"http:\/\/www.crealyst.com\/?page_id=8"},"modified":"2026-03-25T09:26:56","modified_gmt":"2026-03-25T08:26:56","slug":"oil","status":"publish","type":"page","link":"https:\/\/www.crealyst.com\/fr\/oil\/","title":{"rendered":"CREALYST-Oil"},"content":{"rendered":"","protected":false},"excerpt":{"rendered":"","protected":false},"author":1,"featured_media":0,"parent":0,"menu_order":0,"comment_status":"closed","ping_status":"closed","template":"templates\/oil.php","meta":{"_acf_changed":false,"footnotes":""},"class_list":["post-8","page","type-page","status-publish","hentry"],"acf":[],"yoast_head":"<!-- This site is optimized with the Yoast SEO plugin v27.6 - https:\/\/yoast.com\/product\/yoast-seo-wordpress\/ -->\n<title>CREALYST Oil Chargement dense et homog\u00e8ne pour r\u00e9acteurs de l&#039;industrie p\u00e9troli\u00e8re.<\/title>\n<meta name=\"description\" content=\"La technologie brevet\u00e9e CALYDENS assure une distribution dense et homog\u00e8ne des particules de catalyseur qui se r\u00e9partissent uniform\u00e9ment dans le r\u00e9acteur.\" \/>\n<meta name=\"robots\" content=\"index, follow, max-snippet:-1, max-image-preview:large, max-video-preview:-1\" \/>\n<link rel=\"canonical\" href=\"https:\/\/www.crealyst.com\/fr\/oil\/\" \/>\n<meta property=\"og:locale\" content=\"fr_FR\" \/>\n<meta property=\"og:type\" content=\"article\" \/>\n<meta property=\"og:title\" content=\"CREALYST Oil Chargement dense et homog\u00e8ne pour r\u00e9acteurs de l&#039;industrie p\u00e9troli\u00e8re.\" \/>\n<meta property=\"og:description\" content=\"La technologie brevet\u00e9e CALYDENS assure une distribution dense et homog\u00e8ne des particules de catalyseur qui se r\u00e9partissent uniform\u00e9ment dans le r\u00e9acteur.\" \/>\n<meta property=\"og:url\" content=\"https:\/\/www.crealyst.com\/fr\/oil\/\" \/>\n<meta property=\"og:site_name\" content=\"CREALYST\" \/>\n<meta property=\"article:modified_time\" content=\"2026-03-25T08:26:56+00:00\" \/>\n<meta name=\"twitter:card\" content=\"summary_large_image\" \/>\n<script type=\"application\/ld+json\" class=\"yoast-schema-graph\">{\"@context\":\"https:\\\/\\\/schema.org\",\"@graph\":[{\"@type\":\"WebPage\",\"@id\":\"https:\\\/\\\/www.crealyst.com\\\/fr\\\/oil\\\/\",\"url\":\"https:\\\/\\\/www.crealyst.com\\\/fr\\\/oil\\\/\",\"name\":\"CREALYST Oil Chargement dense et homog\u00e8ne pour r\u00e9acteurs de l'industrie p\u00e9troli\u00e8re.\",\"isPartOf\":{\"@id\":\"https:\\\/\\\/www.crealyst.com\\\/fr\\\/#website\"},\"datePublished\":\"2017-09-18T14:18:23+00:00\",\"dateModified\":\"2026-03-25T08:26:56+00:00\",\"description\":\"La technologie brevet\u00e9e CALYDENS assure une distribution dense et homog\u00e8ne des particules de catalyseur qui se r\u00e9partissent uniform\u00e9ment dans le r\u00e9acteur.\",\"breadcrumb\":{\"@id\":\"https:\\\/\\\/www.crealyst.com\\\/fr\\\/oil\\\/#breadcrumb\"},\"inLanguage\":\"fr-FR\",\"potentialAction\":[{\"@type\":\"ReadAction\",\"target\":[\"https:\\\/\\\/www.crealyst.com\\\/fr\\\/oil\\\/\"]}]},{\"@type\":\"BreadcrumbList\",\"@id\":\"https:\\\/\\\/www.crealyst.com\\\/fr\\\/oil\\\/#breadcrumb\",\"itemListElement\":[{\"@type\":\"ListItem\",\"position\":1,\"name\":\"Accueil\",\"item\":\"https:\\\/\\\/www.crealyst.com\\\/fr\\\/\"},{\"@type\":\"ListItem\",\"position\":2,\"name\":\"CREALYST-Oil\"}]},{\"@type\":\"WebSite\",\"@id\":\"https:\\\/\\\/www.crealyst.com\\\/fr\\\/#website\",\"url\":\"https:\\\/\\\/www.crealyst.com\\\/fr\\\/\",\"name\":\"CREALYST\",\"description\":\"R\u00e9f\u00e9rence mondiale du chargement dense\",\"potentialAction\":[{\"@type\":\"SearchAction\",\"target\":{\"@type\":\"EntryPoint\",\"urlTemplate\":\"https:\\\/\\\/www.crealyst.com\\\/fr\\\/?s={search_term_string}\"},\"query-input\":{\"@type\":\"PropertyValueSpecification\",\"valueRequired\":true,\"valueName\":\"search_term_string\"}}],\"inLanguage\":\"fr-FR\"}]}<\/script>\n<!-- \/ Yoast SEO plugin. -->","yoast_head_json":{"title":"CREALYST Oil Chargement dense et homog\u00e8ne pour r\u00e9acteurs de l'industrie p\u00e9troli\u00e8re.","description":"La technologie brevet\u00e9e CALYDENS assure une distribution dense et homog\u00e8ne des particules de catalyseur qui se r\u00e9partissent uniform\u00e9ment dans le r\u00e9acteur.","robots":{"index":"index","follow":"follow","max-snippet":"max-snippet:-1","max-image-preview":"max-image-preview:large","max-video-preview":"max-video-preview:-1"},"canonical":"https:\/\/www.crealyst.com\/fr\/oil\/","og_locale":"fr_FR","og_type":"article","og_title":"CREALYST Oil Chargement dense et homog\u00e8ne pour r\u00e9acteurs de l'industrie p\u00e9troli\u00e8re.","og_description":"La technologie brevet\u00e9e CALYDENS assure une distribution dense et homog\u00e8ne des particules de catalyseur qui se r\u00e9partissent uniform\u00e9ment dans le r\u00e9acteur.","og_url":"https:\/\/www.crealyst.com\/fr\/oil\/","og_site_name":"CREALYST","article_modified_time":"2026-03-25T08:26:56+00:00","twitter_card":"summary_large_image","schema":{"@context":"https:\/\/schema.org","@graph":[{"@type":"WebPage","@id":"https:\/\/www.crealyst.com\/fr\/oil\/","url":"https:\/\/www.crealyst.com\/fr\/oil\/","name":"CREALYST Oil Chargement dense et homog\u00e8ne pour r\u00e9acteurs de l'industrie p\u00e9troli\u00e8re.","isPartOf":{"@id":"https:\/\/www.crealyst.com\/fr\/#website"},"datePublished":"2017-09-18T14:18:23+00:00","dateModified":"2026-03-25T08:26:56+00:00","description":"La technologie brevet\u00e9e CALYDENS assure une distribution dense et homog\u00e8ne des particules de catalyseur qui se r\u00e9partissent uniform\u00e9ment dans le r\u00e9acteur.","breadcrumb":{"@id":"https:\/\/www.crealyst.com\/fr\/oil\/#breadcrumb"},"inLanguage":"fr-FR","potentialAction":[{"@type":"ReadAction","target":["https:\/\/www.crealyst.com\/fr\/oil\/"]}]},{"@type":"BreadcrumbList","@id":"https:\/\/www.crealyst.com\/fr\/oil\/#breadcrumb","itemListElement":[{"@type":"ListItem","position":1,"name":"Accueil","item":"https:\/\/www.crealyst.com\/fr\/"},{"@type":"ListItem","position":2,"name":"CREALYST-Oil"}]},{"@type":"WebSite","@id":"https:\/\/www.crealyst.com\/fr\/#website","url":"https:\/\/www.crealyst.com\/fr\/","name":"CREALYST","description":"R\u00e9f\u00e9rence mondiale du chargement dense","potentialAction":[{"@type":"SearchAction","target":{"@type":"EntryPoint","urlTemplate":"https:\/\/www.crealyst.com\/fr\/?s={search_term_string}"},"query-input":{"@type":"PropertyValueSpecification","valueRequired":true,"valueName":"search_term_string"}}],"inLanguage":"fr-FR"}]}},"_links":{"self":[{"href":"https:\/\/www.crealyst.com\/fr\/wp-json\/wp\/v2\/pages\/8","targetHints":{"allow":["GET"]}}],"collection":[{"href":"https:\/\/www.crealyst.com\/fr\/wp-json\/wp\/v2\/pages"}],"about":[{"href":"https:\/\/www.crealyst.com\/fr\/wp-json\/wp\/v2\/types\/page"}],"author":[{"embeddable":true,"href":"https:\/\/www.crealyst.com\/fr\/wp-json\/wp\/v2\/users\/1"}],"replies":[{"embeddable":true,"href":"https:\/\/www.crealyst.com\/fr\/wp-json\/wp\/v2\/comments?post=8"}],"version-history":[{"count":15,"href":"https:\/\/www.crealyst.com\/fr\/wp-json\/wp\/v2\/pages\/8\/revisions"}],"predecessor-version":[{"id":3734,"href":"https:\/\/www.crealyst.com\/fr\/wp-json\/wp\/v2\/pages\/8\/revisions\/3734"}],"wp:attachment":[{"href":"https:\/\/www.crealyst.com\/fr\/wp-json\/wp\/v2\/media?parent=8"}],"curies":[{"name":"wp","href":"https:\/\/api.w.org\/{rel}","templated":true}]}}