{"id":239,"date":"2017-09-25T12:10:05","date_gmt":"2017-09-25T10:10:05","guid":{"rendered":"http:\/\/www.crealyst.com\/?page_id=239"},"modified":"2025-02-25T09:20:06","modified_gmt":"2025-02-25T08:20:06","slug":"calydens","status":"publish","type":"page","link":"https:\/\/www.crealyst.com\/fr\/calydens\/","title":{"rendered":"CALYDENS\u00ae"},"content":{"rendered":"","protected":false},"excerpt":{"rendered":"","protected":false},"author":1,"featured_media":0,"parent":0,"menu_order":0,"comment_status":"closed","ping_status":"closed","template":"templates\/calydens.php","meta":{"_acf_changed":false,"footnotes":""},"class_list":["post-239","page","type-page","status-publish","hentry"],"acf":[],"yoast_head":"<!-- This site is optimized with the Yoast SEO plugin v27.5 - https:\/\/yoast.com\/product\/yoast-seo-wordpress\/ -->\n<title>CALYDENS\u00ae - CREALYST<\/title>\n<meta name=\"description\" content=\"La technologie brevet\u00e9e CALYDENS\u00ae assure une distribution homog\u00e8ne des particules, qui en se r\u00e9partissant uniform\u00e9ment dans le r\u00e9acteur permettent d\u2019obte...\" \/>\n<meta name=\"robots\" content=\"index, follow, max-snippet:-1, max-image-preview:large, max-video-preview:-1\" \/>\n<link rel=\"canonical\" href=\"https:\/\/www.crealyst.com\/fr\/calydens\/\" \/>\n<meta property=\"og:locale\" content=\"fr_FR\" \/>\n<meta property=\"og:type\" content=\"article\" \/>\n<meta property=\"og:title\" content=\"CALYDENS\u00ae - CREALYST\" \/>\n<meta property=\"og:description\" content=\"La technologie brevet\u00e9e CALYDENS\u00ae assure une distribution homog\u00e8ne des particules, qui en se r\u00e9partissant uniform\u00e9ment dans le r\u00e9acteur permettent d\u2019obte...\" \/>\n<meta property=\"og:url\" content=\"https:\/\/www.crealyst.com\/fr\/calydens\/\" \/>\n<meta property=\"og:site_name\" content=\"CREALYST\" \/>\n<meta property=\"article:modified_time\" content=\"2025-02-25T08:20:06+00:00\" \/>\n<meta name=\"twitter:card\" content=\"summary_large_image\" \/>\n<script type=\"application\/ld+json\" class=\"yoast-schema-graph\">{\"@context\":\"https:\\\/\\\/schema.org\",\"@graph\":[{\"@type\":\"WebPage\",\"@id\":\"https:\\\/\\\/www.crealyst.com\\\/fr\\\/calydens\\\/\",\"url\":\"https:\\\/\\\/www.crealyst.com\\\/fr\\\/calydens\\\/\",\"name\":\"CALYDENS\u00ae - CREALYST\",\"isPartOf\":{\"@id\":\"https:\\\/\\\/www.crealyst.com\\\/fr\\\/#website\"},\"datePublished\":\"2017-09-25T10:10:05+00:00\",\"dateModified\":\"2025-02-25T08:20:06+00:00\",\"description\":\"La technologie brevet\u00e9e CALYDENS\u00ae assure une distribution homog\u00e8ne des particules, qui en se r\u00e9partissant uniform\u00e9ment dans le r\u00e9acteur permettent d\u2019obte...\",\"breadcrumb\":{\"@id\":\"https:\\\/\\\/www.crealyst.com\\\/fr\\\/calydens\\\/#breadcrumb\"},\"inLanguage\":\"fr-FR\",\"potentialAction\":[{\"@type\":\"ReadAction\",\"target\":[\"https:\\\/\\\/www.crealyst.com\\\/fr\\\/calydens\\\/\"]}]},{\"@type\":\"BreadcrumbList\",\"@id\":\"https:\\\/\\\/www.crealyst.com\\\/fr\\\/calydens\\\/#breadcrumb\",\"itemListElement\":[{\"@type\":\"ListItem\",\"position\":1,\"name\":\"Accueil\",\"item\":\"https:\\\/\\\/www.crealyst.com\\\/fr\\\/\"},{\"@type\":\"ListItem\",\"position\":2,\"name\":\"CALYDENS\u00ae\"}]},{\"@type\":\"WebSite\",\"@id\":\"https:\\\/\\\/www.crealyst.com\\\/fr\\\/#website\",\"url\":\"https:\\\/\\\/www.crealyst.com\\\/fr\\\/\",\"name\":\"CREALYST\",\"description\":\"R\u00e9f\u00e9rence mondiale du chargement dense\",\"potentialAction\":[{\"@type\":\"SearchAction\",\"target\":{\"@type\":\"EntryPoint\",\"urlTemplate\":\"https:\\\/\\\/www.crealyst.com\\\/fr\\\/?s={search_term_string}\"},\"query-input\":{\"@type\":\"PropertyValueSpecification\",\"valueRequired\":true,\"valueName\":\"search_term_string\"}}],\"inLanguage\":\"fr-FR\"}]}<\/script>\n<!-- \/ Yoast SEO plugin. -->","yoast_head_json":{"title":"CALYDENS\u00ae - CREALYST","description":"La technologie brevet\u00e9e CALYDENS\u00ae assure une distribution homog\u00e8ne des particules, qui en se r\u00e9partissant uniform\u00e9ment dans le r\u00e9acteur permettent d\u2019obte...","robots":{"index":"index","follow":"follow","max-snippet":"max-snippet:-1","max-image-preview":"max-image-preview:large","max-video-preview":"max-video-preview:-1"},"canonical":"https:\/\/www.crealyst.com\/fr\/calydens\/","og_locale":"fr_FR","og_type":"article","og_title":"CALYDENS\u00ae - CREALYST","og_description":"La technologie brevet\u00e9e CALYDENS\u00ae assure une distribution homog\u00e8ne des particules, qui en se r\u00e9partissant uniform\u00e9ment dans le r\u00e9acteur permettent d\u2019obte...","og_url":"https:\/\/www.crealyst.com\/fr\/calydens\/","og_site_name":"CREALYST","article_modified_time":"2025-02-25T08:20:06+00:00","twitter_card":"summary_large_image","schema":{"@context":"https:\/\/schema.org","@graph":[{"@type":"WebPage","@id":"https:\/\/www.crealyst.com\/fr\/calydens\/","url":"https:\/\/www.crealyst.com\/fr\/calydens\/","name":"CALYDENS\u00ae - CREALYST","isPartOf":{"@id":"https:\/\/www.crealyst.com\/fr\/#website"},"datePublished":"2017-09-25T10:10:05+00:00","dateModified":"2025-02-25T08:20:06+00:00","description":"La technologie brevet\u00e9e CALYDENS\u00ae assure une distribution homog\u00e8ne des particules, qui en se r\u00e9partissant uniform\u00e9ment dans le r\u00e9acteur permettent d\u2019obte...","breadcrumb":{"@id":"https:\/\/www.crealyst.com\/fr\/calydens\/#breadcrumb"},"inLanguage":"fr-FR","potentialAction":[{"@type":"ReadAction","target":["https:\/\/www.crealyst.com\/fr\/calydens\/"]}]},{"@type":"BreadcrumbList","@id":"https:\/\/www.crealyst.com\/fr\/calydens\/#breadcrumb","itemListElement":[{"@type":"ListItem","position":1,"name":"Accueil","item":"https:\/\/www.crealyst.com\/fr\/"},{"@type":"ListItem","position":2,"name":"CALYDENS\u00ae"}]},{"@type":"WebSite","@id":"https:\/\/www.crealyst.com\/fr\/#website","url":"https:\/\/www.crealyst.com\/fr\/","name":"CREALYST","description":"R\u00e9f\u00e9rence mondiale du chargement dense","potentialAction":[{"@type":"SearchAction","target":{"@type":"EntryPoint","urlTemplate":"https:\/\/www.crealyst.com\/fr\/?s={search_term_string}"},"query-input":{"@type":"PropertyValueSpecification","valueRequired":true,"valueName":"search_term_string"}}],"inLanguage":"fr-FR"}]}},"_links":{"self":[{"href":"https:\/\/www.crealyst.com\/fr\/wp-json\/wp\/v2\/pages\/239","targetHints":{"allow":["GET"]}}],"collection":[{"href":"https:\/\/www.crealyst.com\/fr\/wp-json\/wp\/v2\/pages"}],"about":[{"href":"https:\/\/www.crealyst.com\/fr\/wp-json\/wp\/v2\/types\/page"}],"author":[{"embeddable":true,"href":"https:\/\/www.crealyst.com\/fr\/wp-json\/wp\/v2\/users\/1"}],"replies":[{"embeddable":true,"href":"https:\/\/www.crealyst.com\/fr\/wp-json\/wp\/v2\/comments?post=239"}],"version-history":[{"count":7,"href":"https:\/\/www.crealyst.com\/fr\/wp-json\/wp\/v2\/pages\/239\/revisions"}],"predecessor-version":[{"id":3690,"href":"https:\/\/www.crealyst.com\/fr\/wp-json\/wp\/v2\/pages\/239\/revisions\/3690"}],"wp:attachment":[{"href":"https:\/\/www.crealyst.com\/fr\/wp-json\/wp\/v2\/media?parent=239"}],"curies":[{"name":"wp","href":"https:\/\/api.w.org\/{rel}","templated":true}]}}